{"id":5428,"date":"2025-09-03T16:27:30","date_gmt":"2025-09-03T14:27:30","guid":{"rendered":"https:\/\/redesign.voicepoint.ch\/?page_id=5428"},"modified":"2025-12-19T14:38:35","modified_gmt":"2025-12-19T13:38:35","slug":"mentions-legales","status":"publish","type":"page","link":"https:\/\/voicepoint.ch\/fr\/mentions-legales\/","title":{"rendered":"Mentions l\u00e9gales"},"content":{"rendered":"","protected":false},"excerpt":{"rendered":"","protected":false},"author":1,"featured_media":0,"parent":0,"menu_order":128,"comment_status":"closed","ping_status":"closed","template":"","meta":{"_acf_changed":false,"slim_seo":{"title":"Mentions l\u00e9gales de Voicepoint AG \u2022 Aper\u00e7u des informations juridiques","description":"Vous trouverez dans les mentions l\u00e9gales toutes les informations juridiques importantes ainsi que les coordonn\u00e9es compl\u00e8tes de la soci\u00e9t\u00e9 Voicepoint AG."},"footnotes":""},"class_list":["post-5428","page","type-page","status-publish","hentry"],"acf":[],"_links":{"self":[{"href":"https:\/\/voicepoint.ch\/fr\/wp-json\/wp\/v2\/pages\/5428","targetHints":{"allow":["GET"]}}],"collection":[{"href":"https:\/\/voicepoint.ch\/fr\/wp-json\/wp\/v2\/pages"}],"about":[{"href":"https:\/\/voicepoint.ch\/fr\/wp-json\/wp\/v2\/types\/page"}],"author":[{"embeddable":true,"href":"https:\/\/voicepoint.ch\/fr\/wp-json\/wp\/v2\/users\/1"}],"replies":[{"embeddable":true,"href":"https:\/\/voicepoint.ch\/fr\/wp-json\/wp\/v2\/comments?post=5428"}],"version-history":[{"count":5,"href":"https:\/\/voicepoint.ch\/fr\/wp-json\/wp\/v2\/pages\/5428\/revisions"}],"predecessor-version":[{"id":13523,"href":"https:\/\/voicepoint.ch\/fr\/wp-json\/wp\/v2\/pages\/5428\/revisions\/13523"}],"wp:attachment":[{"href":"https:\/\/voicepoint.ch\/fr\/wp-json\/wp\/v2\/media?parent=5428"}],"curies":[{"name":"wp","href":"https:\/\/api.w.org\/{rel}","templated":true}]}}