{"id":5411,"date":"2025-09-03T15:43:12","date_gmt":"2025-09-03T13:43:12","guid":{"rendered":"https:\/\/redesign.voicepoint.ch\/?page_id=5411"},"modified":"2025-10-08T16:55:40","modified_gmt":"2025-10-08T14:55:40","slug":"connect","status":"publish","type":"page","link":"https:\/\/voicepoint.ch\/fr\/connect\/","title":{"rendered":"Magazine CONNECT"},"content":{"rendered":"","protected":false},"excerpt":{"rendered":"","protected":false},"author":1,"featured_media":0,"parent":0,"menu_order":104,"comment_status":"closed","ping_status":"closed","template":"","meta":{"_acf_changed":false,"slim_seo":{"title":"Magazine client Connect \u2022 Actualit\u00e9s de la documentation m\u00e9dicale","description":"D\u00e9couvrez notre magazine client et lisez des informations passionnantes sur le monde de la documentation m\u00e9dicale bas\u00e9e sur la voix."},"footnotes":""},"class_list":["post-5411","page","type-page","status-publish","hentry"],"acf":[],"_links":{"self":[{"href":"https:\/\/voicepoint.ch\/fr\/wp-json\/wp\/v2\/pages\/5411","targetHints":{"allow":["GET"]}}],"collection":[{"href":"https:\/\/voicepoint.ch\/fr\/wp-json\/wp\/v2\/pages"}],"about":[{"href":"https:\/\/voicepoint.ch\/fr\/wp-json\/wp\/v2\/types\/page"}],"author":[{"embeddable":true,"href":"https:\/\/voicepoint.ch\/fr\/wp-json\/wp\/v2\/users\/1"}],"replies":[{"embeddable":true,"href":"https:\/\/voicepoint.ch\/fr\/wp-json\/wp\/v2\/comments?post=5411"}],"version-history":[{"count":21,"href":"https:\/\/voicepoint.ch\/fr\/wp-json\/wp\/v2\/pages\/5411\/revisions"}],"predecessor-version":[{"id":14378,"href":"https:\/\/voicepoint.ch\/fr\/wp-json\/wp\/v2\/pages\/5411\/revisions\/14378"}],"wp:attachment":[{"href":"https:\/\/voicepoint.ch\/fr\/wp-json\/wp\/v2\/media?parent=5411"}],"curies":[{"name":"wp","href":"https:\/\/api.w.org\/{rel}","templated":true}]}}