{"id":5388,"date":"2025-09-03T14:19:21","date_gmt":"2025-09-03T12:19:21","guid":{"rendered":"https:\/\/redesign.voicepoint.ch\/?page_id=5388"},"modified":"2026-01-14T13:34:36","modified_gmt":"2026-01-14T12:34:36","slug":"histoires-de-reussite","status":"publish","type":"page","link":"https:\/\/voicepoint.ch\/fr\/references\/histoires-de-reussite\/","title":{"rendered":"Histoires de r\u00e9ussite"},"content":{"rendered":"","protected":false},"excerpt":{"rendered":"","protected":false},"author":1,"featured_media":0,"parent":5383,"menu_order":91,"comment_status":"closed","ping_status":"closed","template":"","meta":{"_acf_changed":false,"slim_seo":{"title":"Success stories \u2022 Les solutions Voicepoint \u00e0 l\u2019\u0153uvre chez notre client\u00e8le","description":"Lisez nos success stories pour d\u00e9couvrir comment notre client\u00e8le utilise nos solutions avec succ\u00e8s."},"footnotes":""},"class_list":["post-5388","page","type-page","status-publish","hentry"],"acf":[],"_links":{"self":[{"href":"https:\/\/voicepoint.ch\/fr\/wp-json\/wp\/v2\/pages\/5388","targetHints":{"allow":["GET"]}}],"collection":[{"href":"https:\/\/voicepoint.ch\/fr\/wp-json\/wp\/v2\/pages"}],"about":[{"href":"https:\/\/voicepoint.ch\/fr\/wp-json\/wp\/v2\/types\/page"}],"author":[{"embeddable":true,"href":"https:\/\/voicepoint.ch\/fr\/wp-json\/wp\/v2\/users\/1"}],"replies":[{"embeddable":true,"href":"https:\/\/voicepoint.ch\/fr\/wp-json\/wp\/v2\/comments?post=5388"}],"version-history":[{"count":25,"href":"https:\/\/voicepoint.ch\/fr\/wp-json\/wp\/v2\/pages\/5388\/revisions"}],"predecessor-version":[{"id":17198,"href":"https:\/\/voicepoint.ch\/fr\/wp-json\/wp\/v2\/pages\/5388\/revisions\/17198"}],"up":[{"embeddable":true,"href":"https:\/\/voicepoint.ch\/fr\/wp-json\/wp\/v2\/pages\/5383"}],"wp:attachment":[{"href":"https:\/\/voicepoint.ch\/fr\/wp-json\/wp\/v2\/media?parent=5388"}],"curies":[{"name":"wp","href":"https:\/\/api.w.org\/{rel}","templated":true}]}}