{"id":5375,"date":"2025-09-03T14:08:27","date_gmt":"2025-09-03T12:08:27","guid":{"rendered":"https:\/\/redesign.voicepoint.ch\/?page_id=5375"},"modified":"2026-01-13T13:54:55","modified_gmt":"2026-01-13T12:54:55","slug":"securite-et-protection-des-donnees","status":"publish","type":"page","link":"https:\/\/voicepoint.ch\/fr\/a-propos-de-nous\/securite-et-protection-des-donnees\/","title":{"rendered":"S\u00e9curit\u00e9 et protection des donn\u00e9es"},"content":{"rendered":"","protected":false},"excerpt":{"rendered":"","protected":false},"author":1,"featured_media":0,"parent":5351,"menu_order":88,"comment_status":"closed","ping_status":"closed","template":"","meta":{"_acf_changed":false,"slim_seo":{"title":"Protection des donn\u00e9es et s\u00e9curit\u00e9 \u2022 Voicepoint prot\u00e8ge vos donn\u00e9es","description":"La protection des donn\u00e9es et la s\u00e9curit\u00e9 constituent notre priorit\u00e9 absolue \u2013 nous prot\u00e9geons les informations confidentielles de mani\u00e8re fiable et s\u00e9curis\u00e9e."},"footnotes":""},"class_list":["post-5375","page","type-page","status-publish","hentry"],"acf":[],"_links":{"self":[{"href":"https:\/\/voicepoint.ch\/fr\/wp-json\/wp\/v2\/pages\/5375","targetHints":{"allow":["GET"]}}],"collection":[{"href":"https:\/\/voicepoint.ch\/fr\/wp-json\/wp\/v2\/pages"}],"about":[{"href":"https:\/\/voicepoint.ch\/fr\/wp-json\/wp\/v2\/types\/page"}],"author":[{"embeddable":true,"href":"https:\/\/voicepoint.ch\/fr\/wp-json\/wp\/v2\/users\/1"}],"replies":[{"embeddable":true,"href":"https:\/\/voicepoint.ch\/fr\/wp-json\/wp\/v2\/comments?post=5375"}],"version-history":[{"count":26,"href":"https:\/\/voicepoint.ch\/fr\/wp-json\/wp\/v2\/pages\/5375\/revisions"}],"predecessor-version":[{"id":17167,"href":"https:\/\/voicepoint.ch\/fr\/wp-json\/wp\/v2\/pages\/5375\/revisions\/17167"}],"up":[{"embeddable":true,"href":"https:\/\/voicepoint.ch\/fr\/wp-json\/wp\/v2\/pages\/5351"}],"wp:attachment":[{"href":"https:\/\/voicepoint.ch\/fr\/wp-json\/wp\/v2\/media?parent=5375"}],"curies":[{"name":"wp","href":"https:\/\/api.w.org\/{rel}","templated":true}]}}