{"id":5370,"date":"2025-09-03T14:06:34","date_gmt":"2025-09-03T12:06:34","guid":{"rendered":"https:\/\/redesign.voicepoint.ch\/?page_id=5370"},"modified":"2026-01-22T17:43:03","modified_gmt":"2026-01-22T16:43:03","slug":"voicepoint-cloud","status":"publish","type":"page","link":"https:\/\/voicepoint.ch\/fr\/a-propos-de-nous\/voicepoint-cloud\/","title":{"rendered":"Voicepoint Cloud"},"content":{"rendered":"","protected":false},"excerpt":{"rendered":"","protected":false},"author":1,"featured_media":0,"parent":5351,"menu_order":80,"comment_status":"closed","ping_status":"closed","template":"","meta":{"_acf_changed":false,"slim_seo":{"title":"Cloud suisse \u2022 Donn\u00e9es s\u00e9curis\u00e9es dans Voicepoint Cloud","description":"Voicepoint Cloud \u2013 la solution cloud suisse pour une s\u00e9curit\u00e9 maximale et une disponibilit\u00e9 rapide. G\u00e9r\u00e9 \u00e0 100 % en Suisse."},"footnotes":""},"class_list":["post-5370","page","type-page","status-publish","hentry"],"acf":[],"_links":{"self":[{"href":"https:\/\/voicepoint.ch\/fr\/wp-json\/wp\/v2\/pages\/5370","targetHints":{"allow":["GET"]}}],"collection":[{"href":"https:\/\/voicepoint.ch\/fr\/wp-json\/wp\/v2\/pages"}],"about":[{"href":"https:\/\/voicepoint.ch\/fr\/wp-json\/wp\/v2\/types\/page"}],"author":[{"embeddable":true,"href":"https:\/\/voicepoint.ch\/fr\/wp-json\/wp\/v2\/users\/1"}],"replies":[{"embeddable":true,"href":"https:\/\/voicepoint.ch\/fr\/wp-json\/wp\/v2\/comments?post=5370"}],"version-history":[{"count":17,"href":"https:\/\/voicepoint.ch\/fr\/wp-json\/wp\/v2\/pages\/5370\/revisions"}],"predecessor-version":[{"id":17450,"href":"https:\/\/voicepoint.ch\/fr\/wp-json\/wp\/v2\/pages\/5370\/revisions\/17450"}],"up":[{"embeddable":true,"href":"https:\/\/voicepoint.ch\/fr\/wp-json\/wp\/v2\/pages\/5351"}],"wp:attachment":[{"href":"https:\/\/voicepoint.ch\/fr\/wp-json\/wp\/v2\/media?parent=5370"}],"curies":[{"name":"wp","href":"https:\/\/api.w.org\/{rel}","templated":true}]}}