{"id":5366,"date":"2025-09-03T14:05:12","date_gmt":"2025-09-03T12:05:12","guid":{"rendered":"https:\/\/redesign.voicepoint.ch\/?page_id=5366"},"modified":"2025-10-08T16:41:11","modified_gmt":"2025-10-08T14:41:11","slug":"partenaires","status":"publish","type":"page","link":"https:\/\/voicepoint.ch\/fr\/a-propos-de-nous\/partenaires\/","title":{"rendered":"Partenaires"},"content":{"rendered":"","protected":false},"excerpt":{"rendered":"","protected":false},"author":1,"featured_media":0,"parent":5351,"menu_order":81,"comment_status":"closed","ping_status":"closed","template":"","meta":{"_acf_changed":false,"slim_seo":{"title":"Nos partenaires \u2022 Des coop\u00e9rations solides pour des solutions innovantes","description":"Nous avons des partenariats solides avec les principaux \u00e9diteurs \u2013 pour des solutions int\u00e9gr\u00e9es et fiables dot\u00e9es d\u2019une r\u00e9elle valeur ajout\u00e9e. En savoir plus."},"footnotes":""},"class_list":["post-5366","page","type-page","status-publish","hentry"],"acf":[],"_links":{"self":[{"href":"https:\/\/voicepoint.ch\/fr\/wp-json\/wp\/v2\/pages\/5366","targetHints":{"allow":["GET"]}}],"collection":[{"href":"https:\/\/voicepoint.ch\/fr\/wp-json\/wp\/v2\/pages"}],"about":[{"href":"https:\/\/voicepoint.ch\/fr\/wp-json\/wp\/v2\/types\/page"}],"author":[{"embeddable":true,"href":"https:\/\/voicepoint.ch\/fr\/wp-json\/wp\/v2\/users\/1"}],"replies":[{"embeddable":true,"href":"https:\/\/voicepoint.ch\/fr\/wp-json\/wp\/v2\/comments?post=5366"}],"version-history":[{"count":8,"href":"https:\/\/voicepoint.ch\/fr\/wp-json\/wp\/v2\/pages\/5366\/revisions"}],"predecessor-version":[{"id":14662,"href":"https:\/\/voicepoint.ch\/fr\/wp-json\/wp\/v2\/pages\/5366\/revisions\/14662"}],"up":[{"embeddable":true,"href":"https:\/\/voicepoint.ch\/fr\/wp-json\/wp\/v2\/pages\/5351"}],"wp:attachment":[{"href":"https:\/\/voicepoint.ch\/fr\/wp-json\/wp\/v2\/media?parent=5366"}],"curies":[{"name":"wp","href":"https:\/\/api.w.org\/{rel}","templated":true}]}}