{"id":5359,"date":"2025-09-03T14:02:10","date_gmt":"2025-09-03T12:02:10","guid":{"rendered":"https:\/\/redesign.voicepoint.ch\/?page_id=5359"},"modified":"2026-01-21T13:54:19","modified_gmt":"2026-01-21T12:54:19","slug":"equipe","status":"publish","type":"page","link":"https:\/\/voicepoint.ch\/fr\/a-propos-de-nous\/equipe\/","title":{"rendered":"\u00c9quipe"},"content":{"rendered":"","protected":false},"excerpt":{"rendered":"","protected":false},"author":1,"featured_media":0,"parent":5351,"menu_order":72,"comment_status":"closed","ping_status":"closed","template":"","meta":{"_acf_changed":false,"slim_seo":{"title":"L\u2019\u00e9quipe Voicepoint \u2022 Faites la connaissance de notre personnel","description":"L\u2019\u00e9quipe Voicepoint \u00e0 Wetzikon et Gen\u00e8ve s\u2019engage chaque jour en faveur d\u2019un syst\u00e8me de sant\u00e9 plus efficace."},"footnotes":""},"class_list":["post-5359","page","type-page","status-publish","hentry"],"acf":[],"_links":{"self":[{"href":"https:\/\/voicepoint.ch\/fr\/wp-json\/wp\/v2\/pages\/5359","targetHints":{"allow":["GET"]}}],"collection":[{"href":"https:\/\/voicepoint.ch\/fr\/wp-json\/wp\/v2\/pages"}],"about":[{"href":"https:\/\/voicepoint.ch\/fr\/wp-json\/wp\/v2\/types\/page"}],"author":[{"embeddable":true,"href":"https:\/\/voicepoint.ch\/fr\/wp-json\/wp\/v2\/users\/1"}],"replies":[{"embeddable":true,"href":"https:\/\/voicepoint.ch\/fr\/wp-json\/wp\/v2\/comments?post=5359"}],"version-history":[{"count":15,"href":"https:\/\/voicepoint.ch\/fr\/wp-json\/wp\/v2\/pages\/5359\/revisions"}],"predecessor-version":[{"id":17413,"href":"https:\/\/voicepoint.ch\/fr\/wp-json\/wp\/v2\/pages\/5359\/revisions\/17413"}],"up":[{"embeddable":true,"href":"https:\/\/voicepoint.ch\/fr\/wp-json\/wp\/v2\/pages\/5351"}],"wp:attachment":[{"href":"https:\/\/voicepoint.ch\/fr\/wp-json\/wp\/v2\/media?parent=5359"}],"curies":[{"name":"wp","href":"https:\/\/api.w.org\/{rel}","templated":true}]}}