{"id":5265,"date":"2025-09-03T11:58:35","date_gmt":"2025-09-03T09:58:35","guid":{"rendered":"https:\/\/redesign.voicepoint.ch\/?page_id=5265"},"modified":"2026-03-04T15:44:39","modified_gmt":"2026-03-04T14:44:39","slug":"emplois","status":"publish","type":"page","link":"https:\/\/voicepoint.ch\/fr\/carriere\/emplois\/","title":{"rendered":"Emplois"},"content":{"rendered":"","protected":false},"excerpt":{"rendered":"","protected":false},"author":1,"featured_media":0,"parent":5259,"menu_order":52,"comment_status":"closed","ping_status":"closed","template":"","meta":{"_acf_changed":false,"slim_seo":{"title":"Travailler \u00e0 Wetzikon chez Voicepoint \u2022 Postes vacants","description":"D\u00e9couvre les opportunit\u00e9s de carri\u00e8re et les emplois chez Voicepoint. Rejoins une \u00e9quipe engag\u00e9e et dynamique et fa\u00e7onne l\u2019avenir du syst\u00e8me de sant\u00e9."},"footnotes":""},"class_list":["post-5265","page","type-page","status-publish","hentry"],"acf":[],"_links":{"self":[{"href":"https:\/\/voicepoint.ch\/fr\/wp-json\/wp\/v2\/pages\/5265","targetHints":{"allow":["GET"]}}],"collection":[{"href":"https:\/\/voicepoint.ch\/fr\/wp-json\/wp\/v2\/pages"}],"about":[{"href":"https:\/\/voicepoint.ch\/fr\/wp-json\/wp\/v2\/types\/page"}],"author":[{"embeddable":true,"href":"https:\/\/voicepoint.ch\/fr\/wp-json\/wp\/v2\/users\/1"}],"replies":[{"embeddable":true,"href":"https:\/\/voicepoint.ch\/fr\/wp-json\/wp\/v2\/comments?post=5265"}],"version-history":[{"count":31,"href":"https:\/\/voicepoint.ch\/fr\/wp-json\/wp\/v2\/pages\/5265\/revisions"}],"predecessor-version":[{"id":18200,"href":"https:\/\/voicepoint.ch\/fr\/wp-json\/wp\/v2\/pages\/5265\/revisions\/18200"}],"up":[{"embeddable":true,"href":"https:\/\/voicepoint.ch\/fr\/wp-json\/wp\/v2\/pages\/5259"}],"wp:attachment":[{"href":"https:\/\/voicepoint.ch\/fr\/wp-json\/wp\/v2\/media?parent=5265"}],"curies":[{"name":"wp","href":"https:\/\/api.w.org\/{rel}","templated":true}]}}