{"id":5232,"date":"2025-09-03T11:39:23","date_gmt":"2025-09-03T09:39:23","guid":{"rendered":"https:\/\/redesign.voicepoint.ch\/?page_id=5232"},"modified":"2025-11-14T16:38:37","modified_gmt":"2025-11-14T15:38:37","slug":"winscribe","status":"publish","type":"page","link":"https:\/\/voicepoint.ch\/fr\/solutions\/dictee-en-reseau\/winscribe\/","title":{"rendered":"Winscribe"},"content":{"rendered":"","protected":false},"excerpt":{"rendered":"","protected":false},"author":1,"featured_media":0,"parent":5182,"menu_order":44,"comment_status":"closed","ping_status":"closed","template":"","meta":{"_acf_changed":false,"slim_seo":{"title":"Winscribe \u2022 Solution logicielle de gestion de dict\u00e9e num\u00e9rique","description":"Winscribe, notre solution de gestion de dict\u00e9e num\u00e9rique avec reconnaissance vocale en option. Efficace, s\u00e9curis\u00e9e, mobile. S\u2019informer."},"footnotes":""},"class_list":["post-5232","page","type-page","status-publish","hentry"],"acf":[],"_links":{"self":[{"href":"https:\/\/voicepoint.ch\/fr\/wp-json\/wp\/v2\/pages\/5232","targetHints":{"allow":["GET"]}}],"collection":[{"href":"https:\/\/voicepoint.ch\/fr\/wp-json\/wp\/v2\/pages"}],"about":[{"href":"https:\/\/voicepoint.ch\/fr\/wp-json\/wp\/v2\/types\/page"}],"author":[{"embeddable":true,"href":"https:\/\/voicepoint.ch\/fr\/wp-json\/wp\/v2\/users\/1"}],"replies":[{"embeddable":true,"href":"https:\/\/voicepoint.ch\/fr\/wp-json\/wp\/v2\/comments?post=5232"}],"version-history":[{"count":36,"href":"https:\/\/voicepoint.ch\/fr\/wp-json\/wp\/v2\/pages\/5232\/revisions"}],"predecessor-version":[{"id":16345,"href":"https:\/\/voicepoint.ch\/fr\/wp-json\/wp\/v2\/pages\/5232\/revisions\/16345"}],"up":[{"embeddable":true,"href":"https:\/\/voicepoint.ch\/fr\/wp-json\/wp\/v2\/pages\/5182"}],"wp:attachment":[{"href":"https:\/\/voicepoint.ch\/fr\/wp-json\/wp\/v2\/media?parent=5232"}],"curies":[{"name":"wp","href":"https:\/\/api.w.org\/{rel}","templated":true}]}}