{"id":5225,"date":"2025-09-03T11:37:06","date_gmt":"2025-09-03T09:37:06","guid":{"rendered":"https:\/\/redesign.voicepoint.ch\/?page_id=5225"},"modified":"2025-11-14T16:28:55","modified_gmt":"2025-11-14T15:28:55","slug":"voicepoint-helium","status":"publish","type":"page","link":"https:\/\/voicepoint.ch\/fr\/solutions\/reconnaissance-vocale\/voicepoint-helium\/","title":{"rendered":"Voicepoint Helium\u00ae"},"content":{"rendered":"","protected":false},"excerpt":{"rendered":"","protected":false},"author":1,"featured_media":0,"parent":5179,"menu_order":32,"comment_status":"closed","ping_status":"closed","template":"","meta":{"_acf_changed":false,"slim_seo":{"title":"Voicepoint Helium\u00ae \u2022 Reconnaissance vocale m\u00e9dicale pour macOS","description":"Voicepoint Helium\u00ae int\u00e8gre Dragon Medical One sur macOS. Reconnaissance vocale m\u00e9dicale, puissante et pr\u00e9cise. En savoir plus sur notre solution."},"footnotes":""},"class_list":["post-5225","page","type-page","status-publish","hentry"],"acf":[],"_links":{"self":[{"href":"https:\/\/voicepoint.ch\/fr\/wp-json\/wp\/v2\/pages\/5225","targetHints":{"allow":["GET"]}}],"collection":[{"href":"https:\/\/voicepoint.ch\/fr\/wp-json\/wp\/v2\/pages"}],"about":[{"href":"https:\/\/voicepoint.ch\/fr\/wp-json\/wp\/v2\/types\/page"}],"author":[{"embeddable":true,"href":"https:\/\/voicepoint.ch\/fr\/wp-json\/wp\/v2\/users\/1"}],"replies":[{"embeddable":true,"href":"https:\/\/voicepoint.ch\/fr\/wp-json\/wp\/v2\/comments?post=5225"}],"version-history":[{"count":42,"href":"https:\/\/voicepoint.ch\/fr\/wp-json\/wp\/v2\/pages\/5225\/revisions"}],"predecessor-version":[{"id":16341,"href":"https:\/\/voicepoint.ch\/fr\/wp-json\/wp\/v2\/pages\/5225\/revisions\/16341"}],"up":[{"embeddable":true,"href":"https:\/\/voicepoint.ch\/fr\/wp-json\/wp\/v2\/pages\/5179"}],"wp:attachment":[{"href":"https:\/\/voicepoint.ch\/fr\/wp-json\/wp\/v2\/media?parent=5225"}],"curies":[{"name":"wp","href":"https:\/\/api.w.org\/{rel}","templated":true}]}}