{"id":5182,"date":"2025-09-03T11:06:01","date_gmt":"2025-09-03T09:06:01","guid":{"rendered":"https:\/\/redesign.voicepoint.ch\/?page_id=5182"},"modified":"2026-01-22T17:33:49","modified_gmt":"2026-01-22T16:33:49","slug":"dictee-en-reseau","status":"publish","type":"page","link":"https:\/\/voicepoint.ch\/fr\/solutions\/dictee-en-reseau\/","title":{"rendered":"Dict\u00e9e en r\u00e9seau"},"content":{"rendered":"","protected":false},"excerpt":{"rendered":"","protected":false},"author":1,"featured_media":0,"parent":5148,"menu_order":42,"comment_status":"closed","ping_status":"closed","template":"","meta":{"_acf_changed":false,"slim_seo":{"title":"Logiciel de dict\u00e9e Voicepoint \u2022 Pour une gestion de dict\u00e9e efficace","description":"G\u00e9rer efficacement les dict\u00e9es num\u00e9riques, les transcrire de fa\u00e7on flexible et les transmettre en toute s\u00e9curit\u00e9 \u2013 avec nos logiciels de dict\u00e9e. En savoir plus."},"footnotes":""},"class_list":["post-5182","page","type-page","status-publish","hentry"],"acf":[],"_links":{"self":[{"href":"https:\/\/voicepoint.ch\/fr\/wp-json\/wp\/v2\/pages\/5182","targetHints":{"allow":["GET"]}}],"collection":[{"href":"https:\/\/voicepoint.ch\/fr\/wp-json\/wp\/v2\/pages"}],"about":[{"href":"https:\/\/voicepoint.ch\/fr\/wp-json\/wp\/v2\/types\/page"}],"author":[{"embeddable":true,"href":"https:\/\/voicepoint.ch\/fr\/wp-json\/wp\/v2\/users\/1"}],"replies":[{"embeddable":true,"href":"https:\/\/voicepoint.ch\/fr\/wp-json\/wp\/v2\/comments?post=5182"}],"version-history":[{"count":31,"href":"https:\/\/voicepoint.ch\/fr\/wp-json\/wp\/v2\/pages\/5182\/revisions"}],"predecessor-version":[{"id":17447,"href":"https:\/\/voicepoint.ch\/fr\/wp-json\/wp\/v2\/pages\/5182\/revisions\/17447"}],"up":[{"embeddable":true,"href":"https:\/\/voicepoint.ch\/fr\/wp-json\/wp\/v2\/pages\/5148"}],"wp:attachment":[{"href":"https:\/\/voicepoint.ch\/fr\/wp-json\/wp\/v2\/media?parent=5182"}],"curies":[{"name":"wp","href":"https:\/\/api.w.org\/{rel}","templated":true}]}}