{"id":5179,"date":"2025-09-03T11:00:53","date_gmt":"2025-09-03T09:00:53","guid":{"rendered":"https:\/\/redesign.voicepoint.ch\/?page_id=5179"},"modified":"2026-04-08T13:36:13","modified_gmt":"2026-04-08T11:36:13","slug":"reconnaissance-vocale","status":"publish","type":"page","link":"https:\/\/voicepoint.ch\/fr\/solutions\/reconnaissance-vocale\/","title":{"rendered":"Reconnaissance vocale"},"content":{"rendered":"","protected":false},"excerpt":{"rendered":"","protected":false},"author":1,"featured_media":0,"parent":5148,"menu_order":21,"comment_status":"closed","ping_status":"closed","template":"","meta":{"_acf_changed":false,"slim_seo":{"title":"Reconnaissance vocale m\u00e9dicale \u2022 Travailler plus efficacement","description":"Reconnaissance vocale m\u00e9dicale de Voicepoint \u2013 une documentation m\u00e9dicale efficace bas\u00e9e sur des solutions innovantes et sur mesure pour le secteur de la sant\u00e9."},"footnotes":""},"class_list":["post-5179","page","type-page","status-publish","hentry"],"acf":[],"_links":{"self":[{"href":"https:\/\/voicepoint.ch\/fr\/wp-json\/wp\/v2\/pages\/5179","targetHints":{"allow":["GET"]}}],"collection":[{"href":"https:\/\/voicepoint.ch\/fr\/wp-json\/wp\/v2\/pages"}],"about":[{"href":"https:\/\/voicepoint.ch\/fr\/wp-json\/wp\/v2\/types\/page"}],"author":[{"embeddable":true,"href":"https:\/\/voicepoint.ch\/fr\/wp-json\/wp\/v2\/users\/1"}],"replies":[{"embeddable":true,"href":"https:\/\/voicepoint.ch\/fr\/wp-json\/wp\/v2\/comments?post=5179"}],"version-history":[{"count":48,"href":"https:\/\/voicepoint.ch\/fr\/wp-json\/wp\/v2\/pages\/5179\/revisions"}],"predecessor-version":[{"id":19553,"href":"https:\/\/voicepoint.ch\/fr\/wp-json\/wp\/v2\/pages\/5179\/revisions\/19553"}],"up":[{"embeddable":true,"href":"https:\/\/voicepoint.ch\/fr\/wp-json\/wp\/v2\/pages\/5148"}],"wp:attachment":[{"href":"https:\/\/voicepoint.ch\/fr\/wp-json\/wp\/v2\/media?parent=5179"}],"curies":[{"name":"wp","href":"https:\/\/api.w.org\/{rel}","templated":true}]}}