{"id":5159,"date":"2025-09-03T10:42:51","date_gmt":"2025-09-03T08:42:51","guid":{"rendered":"https:\/\/redesign.voicepoint.ch\/?page_id=5159"},"modified":"2025-11-14T15:57:26","modified_gmt":"2025-11-14T14:57:26","slug":"flow","status":"publish","type":"page","link":"https:\/\/voicepoint.ch\/fr\/solutions\/voicepoint-xenon\/flow\/","title":{"rendered":"Voicepoint Xenon\u00ae Flow"},"content":{"rendered":"","protected":false},"excerpt":{"rendered":"","protected":false},"author":1,"featured_media":0,"parent":5152,"menu_order":15,"comment_status":"closed","ping_status":"closed","template":"","meta":{"_acf_changed":false,"slim_seo":{"title":"Voicepoint Xenon\u00ae Flow \u2022 Gestion simple des utilisateurs et des licences","description":"Voicepoint Xenon\u00ae Flow \u2013 la dict\u00e9e et la gestion r\u00e9unies sur une seule et m\u00eame plateforme Pilotez efficacement vos utilisateurs, licences et enregistrements."},"footnotes":""},"class_list":["post-5159","page","type-page","status-publish","hentry"],"acf":[],"_links":{"self":[{"href":"https:\/\/voicepoint.ch\/fr\/wp-json\/wp\/v2\/pages\/5159","targetHints":{"allow":["GET"]}}],"collection":[{"href":"https:\/\/voicepoint.ch\/fr\/wp-json\/wp\/v2\/pages"}],"about":[{"href":"https:\/\/voicepoint.ch\/fr\/wp-json\/wp\/v2\/types\/page"}],"author":[{"embeddable":true,"href":"https:\/\/voicepoint.ch\/fr\/wp-json\/wp\/v2\/users\/1"}],"replies":[{"embeddable":true,"href":"https:\/\/voicepoint.ch\/fr\/wp-json\/wp\/v2\/comments?post=5159"}],"version-history":[{"count":40,"href":"https:\/\/voicepoint.ch\/fr\/wp-json\/wp\/v2\/pages\/5159\/revisions"}],"predecessor-version":[{"id":16334,"href":"https:\/\/voicepoint.ch\/fr\/wp-json\/wp\/v2\/pages\/5159\/revisions\/16334"}],"up":[{"embeddable":true,"href":"https:\/\/voicepoint.ch\/fr\/wp-json\/wp\/v2\/pages\/5152"}],"wp:attachment":[{"href":"https:\/\/voicepoint.ch\/fr\/wp-json\/wp\/v2\/media?parent=5159"}],"curies":[{"name":"wp","href":"https:\/\/api.w.org\/{rel}","templated":true}]}}