{"id":5152,"date":"2025-09-03T10:38:08","date_gmt":"2025-09-03T08:38:08","guid":{"rendered":"https:\/\/redesign.voicepoint.ch\/?page_id=5152"},"modified":"2026-04-02T14:12:13","modified_gmt":"2026-04-02T12:12:13","slug":"voicepoint-xenon","status":"publish","type":"page","link":"https:\/\/voicepoint.ch\/fr\/solutions\/voicepoint-xenon\/","title":{"rendered":"Voicepoint Xenon\u00ae"},"content":{"rendered":"","protected":false},"excerpt":{"rendered":"","protected":false},"author":1,"featured_media":0,"parent":5148,"menu_order":13,"comment_status":"closed","ping_status":"closed","template":"","meta":{"_acf_changed":false,"slim_seo":{"title":"Voicepoint Xenon\u00ae \u2022 Solutions pour la reconnaissance vocale m\u00e9dicale, la dict\u00e9e et la documentation Ambient","description":"Voicepoint Xenon\u00ae \u2013 D\u00e9couvrez la plateforme de reconnaissance vocale m\u00e9dicale, de dict\u00e9e et de documentation Ambient. Pour tous les cas d\u2019utilisation de la documentation m\u00e9dicale."},"footnotes":""},"class_list":["post-5152","page","type-page","status-publish","hentry"],"acf":[],"_links":{"self":[{"href":"https:\/\/voicepoint.ch\/fr\/wp-json\/wp\/v2\/pages\/5152","targetHints":{"allow":["GET"]}}],"collection":[{"href":"https:\/\/voicepoint.ch\/fr\/wp-json\/wp\/v2\/pages"}],"about":[{"href":"https:\/\/voicepoint.ch\/fr\/wp-json\/wp\/v2\/types\/page"}],"author":[{"embeddable":true,"href":"https:\/\/voicepoint.ch\/fr\/wp-json\/wp\/v2\/users\/1"}],"replies":[{"embeddable":true,"href":"https:\/\/voicepoint.ch\/fr\/wp-json\/wp\/v2\/comments?post=5152"}],"version-history":[{"count":86,"href":"https:\/\/voicepoint.ch\/fr\/wp-json\/wp\/v2\/pages\/5152\/revisions"}],"predecessor-version":[{"id":19495,"href":"https:\/\/voicepoint.ch\/fr\/wp-json\/wp\/v2\/pages\/5152\/revisions\/19495"}],"up":[{"embeddable":true,"href":"https:\/\/voicepoint.ch\/fr\/wp-json\/wp\/v2\/pages\/5148"}],"wp:attachment":[{"href":"https:\/\/voicepoint.ch\/fr\/wp-json\/wp\/v2\/media?parent=5152"}],"curies":[{"name":"wp","href":"https:\/\/api.w.org\/{rel}","templated":true}]}}