{"id":18338,"date":"2026-03-11T14:42:26","date_gmt":"2026-03-11T13:42:26","guid":{"rendered":"https:\/\/voicepoint.ch\/?page_id=18338"},"modified":"2026-03-25T14:34:05","modified_gmt":"2026-03-25T13:34:05","slug":"quelle-solution-me-convient","status":"publish","type":"page","link":"https:\/\/voicepoint.ch\/fr\/solutions\/quelle-solution-me-convient\/","title":{"rendered":"Quelle solution me convient\u00a0?"},"content":{"rendered":"","protected":false},"excerpt":{"rendered":"","protected":false},"author":1,"featured_media":0,"parent":5148,"menu_order":10,"comment_status":"closed","ping_status":"closed","template":"","meta":{"_acf_changed":false,"slim_seo":{"title":"Trouvez la solution qui convient \u2022 Voicepoint AG","description":"Vous ne savez pas quelle solution vous convient le mieux ? L'assistant d\u00e9cisionnel de Voicepoint vous fournit une recommandation cibl\u00e9e. Commencez d\u00e8s maintenant."},"footnotes":""},"class_list":["post-18338","page","type-page","status-publish","hentry"],"acf":[],"_links":{"self":[{"href":"https:\/\/voicepoint.ch\/fr\/wp-json\/wp\/v2\/pages\/18338","targetHints":{"allow":["GET"]}}],"collection":[{"href":"https:\/\/voicepoint.ch\/fr\/wp-json\/wp\/v2\/pages"}],"about":[{"href":"https:\/\/voicepoint.ch\/fr\/wp-json\/wp\/v2\/types\/page"}],"author":[{"embeddable":true,"href":"https:\/\/voicepoint.ch\/fr\/wp-json\/wp\/v2\/users\/1"}],"replies":[{"embeddable":true,"href":"https:\/\/voicepoint.ch\/fr\/wp-json\/wp\/v2\/comments?post=18338"}],"version-history":[{"count":30,"href":"https:\/\/voicepoint.ch\/fr\/wp-json\/wp\/v2\/pages\/18338\/revisions"}],"predecessor-version":[{"id":19144,"href":"https:\/\/voicepoint.ch\/fr\/wp-json\/wp\/v2\/pages\/18338\/revisions\/19144"}],"up":[{"embeddable":true,"href":"https:\/\/voicepoint.ch\/fr\/wp-json\/wp\/v2\/pages\/5148"}],"wp:attachment":[{"href":"https:\/\/voicepoint.ch\/fr\/wp-json\/wp\/v2\/media?parent=18338"}],"curies":[{"name":"wp","href":"https:\/\/api.w.org\/{rel}","templated":true}]}}